{"id":139,"date":"2025-04-10T11:52:32","date_gmt":"2025-04-10T11:52:32","guid":{"rendered":"https:\/\/boogie-hebel.eu\/?page_id=139"},"modified":"2025-06-16T15:23:18","modified_gmt":"2025-06-16T15:23:18","slug":"a-r-t-l-o-f-t-e-u-p-e-n","status":"publish","type":"page","link":"https:\/\/boogie-hebel.eu\/?page_id=139","title":{"rendered":"A R T &#8211; L O F T &#8211; E U P E N"},"content":{"rendered":"\n<p>Das ART-Loft Eupen befindet sich im historischen Verwaltungsgeb\u00e4ude der ehemaligen Tuchfabrik Peters, angesiedelt 1841 am Ufer der Weser.<\/p>\n\n\n\n<p>Es ist das Atelier des ehem. Architekten und K\u00fcnstlers Boogie Hebel, dieser f\u00fchrt konsequent beide Elemente unter dem Kontext &#8222;art follows architecture&#8220; zusammen.<\/p>\n\n\n\n<p>Das ART-Loft Eupen ist Teil der Kunstroute &#8222;Open Art Sunday&#8220; und l\u00e4dt somit jeden ersten Sonntag des Monats Kunstliebhaber und Freunde ganz herzlich ein.<\/p>\n\n\n\n<p>Dort kann man im historischen Ambiente v\u00f6llig entspannt Kunst und K\u00fcnstlermomente genie\u00dfen.<\/p>\n\n\n\n<figure class=\"wp-block-gallery has-nested-images columns-default is-cropped wp-block-gallery-1 is-layout-flex wp-block-gallery-is-layout-flex\">\n<figure class=\"wp-block-image size-full\"><img loading=\"lazy\" decoding=\"async\" width=\"483\" height=\"259\" data-id=\"310\" src=\"https:\/\/boogie-hebel.eu\/wp-content\/uploads\/2025\/05\/ART-Loft-Foto.jpg\" alt=\"\" class=\"wp-image-310\" srcset=\"https:\/\/boogie-hebel.eu\/wp-content\/uploads\/2025\/05\/ART-Loft-Foto.jpg 483w, https:\/\/boogie-hebel.eu\/wp-content\/uploads\/2025\/05\/ART-Loft-Foto-300x161.jpg 300w\" sizes=\"auto, (max-width: 483px) 100vw, 483px\" \/><\/figure>\n<\/figure>\n\n\n\n<p class=\"has-text-align-left\">Das *ART-Loft Eupen* bietet Gastk\u00fcnstlern im Rahmen der Kunstroute *Open-Art-Sunday* ebenso die M\u00f6glichkeit, in gemeinsamer Ausstellung eigene Werke zu pr\u00e4sentieren.<\/p>\n\n\n\n<hr class=\"wp-block-separator has-alpha-channel-opacity is-style-wide\"\/>\n\n\n\n<figure class=\"wp-block-image size-large\"><img loading=\"lazy\" decoding=\"async\" width=\"984\" height=\"1024\" src=\"https:\/\/boogie-hebel.eu\/wp-content\/uploads\/2025\/05\/f4724816-0395-4f3a-888e-a3f92cf3ef06-1-984x1024.jpg\" alt=\"\" class=\"wp-image-318\" srcset=\"https:\/\/boogie-hebel.eu\/wp-content\/uploads\/2025\/05\/f4724816-0395-4f3a-888e-a3f92cf3ef06-1-984x1024.jpg 984w, https:\/\/boogie-hebel.eu\/wp-content\/uploads\/2025\/05\/f4724816-0395-4f3a-888e-a3f92cf3ef06-1-288x300.jpg 288w, https:\/\/boogie-hebel.eu\/wp-content\/uploads\/2025\/05\/f4724816-0395-4f3a-888e-a3f92cf3ef06-1-768x799.jpg 768w, https:\/\/boogie-hebel.eu\/wp-content\/uploads\/2025\/05\/f4724816-0395-4f3a-888e-a3f92cf3ef06-1-1476x1536.jpg 1476w, https:\/\/boogie-hebel.eu\/wp-content\/uploads\/2025\/05\/f4724816-0395-4f3a-888e-a3f92cf3ef06-1.jpg 1538w\" sizes=\"auto, (max-width: 767px) 89vw, (max-width: 1000px) 54vw, (max-width: 1071px) 543px, 580px\" \/><\/figure>\n\n\n\n<hr class=\"wp-block-separator has-alpha-channel-opacity is-style-wide\"\/>\n\n\n\n<figure class=\"wp-block-image size-large\"><img loading=\"lazy\" decoding=\"async\" width=\"1024\" height=\"768\" src=\"https:\/\/boogie-hebel.eu\/wp-content\/uploads\/2025\/05\/9ea92368-3959-476c-beb3-341ebcf2db43-1024x768.jpg\" alt=\"\" class=\"wp-image-312\" srcset=\"https:\/\/boogie-hebel.eu\/wp-content\/uploads\/2025\/05\/9ea92368-3959-476c-beb3-341ebcf2db43-1024x768.jpg 1024w, https:\/\/boogie-hebel.eu\/wp-content\/uploads\/2025\/05\/9ea92368-3959-476c-beb3-341ebcf2db43-300x225.jpg 300w, https:\/\/boogie-hebel.eu\/wp-content\/uploads\/2025\/05\/9ea92368-3959-476c-beb3-341ebcf2db43-768x576.jpg 768w, https:\/\/boogie-hebel.eu\/wp-content\/uploads\/2025\/05\/9ea92368-3959-476c-beb3-341ebcf2db43-1536x1152.jpg 1536w, https:\/\/boogie-hebel.eu\/wp-content\/uploads\/2025\/05\/9ea92368-3959-476c-beb3-341ebcf2db43.jpg 1600w\" sizes=\"auto, (max-width: 767px) 89vw, (max-width: 1000px) 54vw, (max-width: 1071px) 543px, 580px\" \/><\/figure>\n\n\n\n<hr class=\"wp-block-separator has-alpha-channel-opacity is-style-wide\"\/>\n\n\n\n<figure class=\"wp-block-image size-large\"><img loading=\"lazy\" decoding=\"async\" width=\"819\" height=\"1024\" src=\"https:\/\/boogie-hebel.eu\/wp-content\/uploads\/2025\/06\/IMG_6994-819x1024.jpg\" alt=\"\" class=\"wp-image-808\" srcset=\"https:\/\/boogie-hebel.eu\/wp-content\/uploads\/2025\/06\/IMG_6994-819x1024.jpg 819w, https:\/\/boogie-hebel.eu\/wp-content\/uploads\/2025\/06\/IMG_6994-240x300.jpg 240w, https:\/\/boogie-hebel.eu\/wp-content\/uploads\/2025\/06\/IMG_6994-768x960.jpg 768w, https:\/\/boogie-hebel.eu\/wp-content\/uploads\/2025\/06\/IMG_6994.jpg 828w\" sizes=\"auto, (max-width: 767px) 89vw, (max-width: 1000px) 54vw, (max-width: 1071px) 543px, 580px\" \/><\/figure>\n\n\n\n<hr class=\"wp-block-separator has-alpha-channel-opacity is-style-wide\"\/>\n\n\n\n<figure class=\"wp-block-image size-large\"><img loading=\"lazy\" decoding=\"async\" width=\"825\" height=\"1024\" src=\"https:\/\/boogie-hebel.eu\/wp-content\/uploads\/2025\/06\/IMG_6996-825x1024.jpg\" alt=\"\" class=\"wp-image-809\" srcset=\"https:\/\/boogie-hebel.eu\/wp-content\/uploads\/2025\/06\/IMG_6996-825x1024.jpg 825w, https:\/\/boogie-hebel.eu\/wp-content\/uploads\/2025\/06\/IMG_6996-242x300.jpg 242w, https:\/\/boogie-hebel.eu\/wp-content\/uploads\/2025\/06\/IMG_6996-768x954.jpg 768w, https:\/\/boogie-hebel.eu\/wp-content\/uploads\/2025\/06\/IMG_6996.jpg 828w\" sizes=\"auto, (max-width: 767px) 89vw, (max-width: 1000px) 54vw, (max-width: 1071px) 543px, 580px\" \/><\/figure>\n\n\n\n<hr class=\"wp-block-separator has-alpha-channel-opacity is-style-wide\"\/>\n\n\n\n<figure class=\"wp-block-image size-full\"><img loading=\"lazy\" decoding=\"async\" width=\"828\" height=\"997\" src=\"https:\/\/boogie-hebel.eu\/wp-content\/uploads\/2025\/06\/IMG_6997.jpg\" alt=\"\" class=\"wp-image-810\" srcset=\"https:\/\/boogie-hebel.eu\/wp-content\/uploads\/2025\/06\/IMG_6997.jpg 828w, https:\/\/boogie-hebel.eu\/wp-content\/uploads\/2025\/06\/IMG_6997-249x300.jpg 249w, https:\/\/boogie-hebel.eu\/wp-content\/uploads\/2025\/06\/IMG_6997-768x925.jpg 768w\" sizes=\"auto, (max-width: 767px) 89vw, (max-width: 1000px) 54vw, (max-width: 1071px) 543px, 580px\" \/><\/figure>\n\n\n\n<hr class=\"wp-block-separator has-alpha-channel-opacity is-style-wide\"\/>\n\n\n\n<figure class=\"wp-block-image size-large\"><img loading=\"lazy\" decoding=\"async\" width=\"1024\" height=\"691\" src=\"https:\/\/boogie-hebel.eu\/wp-content\/uploads\/2025\/06\/IMG_7003-1024x691.jpg\" alt=\"\" class=\"wp-image-812\" srcset=\"https:\/\/boogie-hebel.eu\/wp-content\/uploads\/2025\/06\/IMG_7003-1024x691.jpg 1024w, https:\/\/boogie-hebel.eu\/wp-content\/uploads\/2025\/06\/IMG_7003-300x202.jpg 300w, https:\/\/boogie-hebel.eu\/wp-content\/uploads\/2025\/06\/IMG_7003-768x518.jpg 768w, https:\/\/boogie-hebel.eu\/wp-content\/uploads\/2025\/06\/IMG_7003.jpg 1224w\" sizes=\"auto, (max-width: 767px) 89vw, (max-width: 1000px) 54vw, (max-width: 1071px) 543px, 580px\" \/><\/figure>\n\n\n\n<hr class=\"wp-block-separator has-alpha-channel-opacity is-style-wide\"\/>\n\n\n\n<figure class=\"wp-block-image size-full\"><img loading=\"lazy\" decoding=\"async\" width=\"828\" height=\"935\" src=\"https:\/\/boogie-hebel.eu\/wp-content\/uploads\/2025\/06\/IMG_7004.jpg\" alt=\"\" class=\"wp-image-813\" srcset=\"https:\/\/boogie-hebel.eu\/wp-content\/uploads\/2025\/06\/IMG_7004.jpg 828w, https:\/\/boogie-hebel.eu\/wp-content\/uploads\/2025\/06\/IMG_7004-266x300.jpg 266w, https:\/\/boogie-hebel.eu\/wp-content\/uploads\/2025\/06\/IMG_7004-768x867.jpg 768w\" sizes=\"auto, (max-width: 767px) 89vw, (max-width: 1000px) 54vw, (max-width: 1071px) 543px, 580px\" \/><\/figure>\n\n\n\n<hr class=\"wp-block-separator has-alpha-channel-opacity is-style-wide\"\/>\n\n\n\n<figure class=\"wp-block-image size-full\"><img loading=\"lazy\" decoding=\"async\" width=\"828\" height=\"1015\" src=\"https:\/\/boogie-hebel.eu\/wp-content\/uploads\/2025\/06\/IMG_7005.jpg\" alt=\"\" class=\"wp-image-815\"\/><\/figure>\n\n\n\n<hr class=\"wp-block-separator has-alpha-channel-opacity is-style-wide\"\/>\n\n\n\n<figure class=\"wp-block-image size-full\"><img loading=\"lazy\" decoding=\"async\" width=\"828\" height=\"634\" src=\"https:\/\/boogie-hebel.eu\/wp-content\/uploads\/2025\/06\/IMG_6999.jpg\" alt=\"\" class=\"wp-image-811\" srcset=\"https:\/\/boogie-hebel.eu\/wp-content\/uploads\/2025\/06\/IMG_6999.jpg 828w, https:\/\/boogie-hebel.eu\/wp-content\/uploads\/2025\/06\/IMG_6999-300x230.jpg 300w, https:\/\/boogie-hebel.eu\/wp-content\/uploads\/2025\/06\/IMG_6999-768x588.jpg 768w\" sizes=\"auto, (max-width: 767px) 89vw, (max-width: 1000px) 54vw, (max-width: 1071px) 543px, 580px\" \/><\/figure>\n\n\n\n<hr class=\"wp-block-separator has-alpha-channel-opacity is-style-wide\"\/>\n\n\n\n<p>(c) 2025 Boogie Hebel<\/p>\n","protected":false},"excerpt":{"rendered":"<p>Das ART-Loft Eupen befindet sich im historischen Verwaltungsgeb\u00e4ude der ehemaligen Tuchfabrik Peters, angesiedelt 1841 am Ufer der Weser. Es ist das Atelier des ehem. Architekten und K\u00fcnstlers Boogie Hebel, dieser f\u00fchrt konsequent beide Elemente unter dem Kontext &#8222;art follows architecture&#8220; zusammen. Das ART-Loft Eupen ist Teil der Kunstroute &#8222;Open Art Sunday&#8220; und l\u00e4dt somit jeden &hellip; <\/p>\n<p class=\"link-more\"><a href=\"https:\/\/boogie-hebel.eu\/?page_id=139\" class=\"more-link\"><span class=\"screen-reader-text\">\u201eA R T &#8211; L O F T &#8211; E U P E N\u201c<\/span> weiterlesen<\/a><\/p>\n","protected":false},"author":1,"featured_media":0,"parent":0,"menu_order":0,"comment_status":"closed","ping_status":"closed","template":"","meta":{"footnotes":""},"class_list":["post-139","page","type-page","status-publish","hentry"],"_links":{"self":[{"href":"https:\/\/boogie-hebel.eu\/index.php?rest_route=\/wp\/v2\/pages\/139","targetHints":{"allow":["GET"]}}],"collection":[{"href":"https:\/\/boogie-hebel.eu\/index.php?rest_route=\/wp\/v2\/pages"}],"about":[{"href":"https:\/\/boogie-hebel.eu\/index.php?rest_route=\/wp\/v2\/types\/page"}],"author":[{"embeddable":true,"href":"https:\/\/boogie-hebel.eu\/index.php?rest_route=\/wp\/v2\/users\/1"}],"replies":[{"embeddable":true,"href":"https:\/\/boogie-hebel.eu\/index.php?rest_route=%2Fwp%2Fv2%2Fcomments&post=139"}],"version-history":[{"count":16,"href":"https:\/\/boogie-hebel.eu\/index.php?rest_route=\/wp\/v2\/pages\/139\/revisions"}],"predecessor-version":[{"id":817,"href":"https:\/\/boogie-hebel.eu\/index.php?rest_route=\/wp\/v2\/pages\/139\/revisions\/817"}],"wp:attachment":[{"href":"https:\/\/boogie-hebel.eu\/index.php?rest_route=%2Fwp%2Fv2%2Fmedia&parent=139"}],"curies":[{"name":"wp","href":"https:\/\/api.w.org\/{rel}","templated":true}]}}